{"id":553,"date":"2025-10-16T20:22:52","date_gmt":"2025-10-16T20:22:52","guid":{"rendered":"https:\/\/webie.com.vn\/real-estate-2\/?page_id=553"},"modified":"2026-04-07T15:08:53","modified_gmt":"2026-04-07T15:08:53","slug":"mien-tru-trach-nhiem","status":"publish","type":"page","link":"https:\/\/artisanpark.com.vn\/en\/mien-tru-trach-nhiem\/","title":{"rendered":"Counterfeit Warning"},"content":{"rendered":"<div data-elementor-type=\"wp-page\" data-elementor-id=\"553\" class=\"elementor elementor-553\" data-elementor-post-type=\"page\">\n\t\t\t\t<div class=\"elementor-element elementor-element-8487d7d e-flex e-con-boxed e-con e-parent\" data-id=\"8487d7d\" data-element_type=\"container\">\n\t\t\t\t\t<div class=\"e-con-inner\">\n\t\t\t\t<div class=\"elementor-element elementor-element-0b629b0 elementor-widget elementor-widget-text-editor\" data-id=\"0b629b0\" data-element_type=\"widget\" data-widget_type=\"text-editor.default\">\n\t\t\t\t\t\t\t\t\t<h4><b>Welcome to Artisan Park by Gamuda Land (hereinafter referred to as the \u201cWebsite,\u201d \u201cLanding Page,\u201d \u201cArtisan Park Project Landing Page,\u201d \u201cGamuda Land,\u201d \u201cWe,\u201d \u201cOur,\u201d \u201cDeveloper\u201d).<\/b><\/h4>\n<p><span style=\"font-weight: 400;\">The developer has made efforts and exercised caution to complete this document and does not provide any warranty or make any legal representation regarding the information referenced herein (images, technical diagrams, interior and exterior layouts, or descriptive information are for illustrative and reference purposes only, and not actual information or legal commitments). The developer reserves the right to modify the information of the development process or any part of the document and will not be liable for any changes required by authorities. Official information is based on the contract.<\/span><\/p>\n<p><span style=\"font-weight: 400;\">We do not charge any fees for accessing the Website. Therefore, we encourage you to understand and assume full responsibility for the information you trust and find appropriate. We make no representations about the accuracy or any other aspect of the information posted on these websites.<\/span><\/p>\n<p><span style=\"font-weight: 400;\">In any case, we are not liable for any direct or indirect losses you may incur from using this Website.<\/span><\/p>\n<p><span style=\"font-weight: 400;\">Articles may include some URLs linking to external websites for reference purposes; however, these websites are beyond our control, and we are not responsible for any issues you may encounter.<\/span><\/p>\n<p><span style=\"font-weight: 400;\">Also, please understand that our use of these links on this Website does not imply or represent the views, suggestions, or endorsements they provide. We also reserve the right to delete articles and images from previously referenced sources on the Website without prior notice. Please refer to the Rights Declaration for more information.s<\/span><\/p>\n<p><span style=\"font-weight: 400;\">The Website's servers may be located at service providers within or outside of Vietnam. We do not guarantee consistent connection speeds and are not responsible for network environmental impacts on your access to this Website. However, we are committed to handling and providing solutions to improve your experience as quickly as possible.<\/span><\/p>\n<p><b>&nbsp; &nbsp; &nbsp; &nbsp; &nbsp; &nbsp; &nbsp; &nbsp; &nbsp; &nbsp; &nbsp; &nbsp; &nbsp; &nbsp; &nbsp; &nbsp; &nbsp; &nbsp; &nbsp; &nbsp; &nbsp; &nbsp; &nbsp; &nbsp; &nbsp; &nbsp; &nbsp; &nbsp; &nbsp; &nbsp; &nbsp; &nbsp; &nbsp; &nbsp; &nbsp; &nbsp; &nbsp; &nbsp; &nbsp; &nbsp; &nbsp; &nbsp; &nbsp; &nbsp; &nbsp; &nbsp; &nbsp; &nbsp; &nbsp; &nbsp; &nbsp; &nbsp; &nbsp; &nbsp; &nbsp; &nbsp; &nbsp; &nbsp; &nbsp; &nbsp; &nbsp; &nbsp; &nbsp; &nbsp; &nbsp; &nbsp; &nbsp; &nbsp; &nbsp; &nbsp; &nbsp; &nbsp; &nbsp; &nbsp; &nbsp; &nbsp; &nbsp; &nbsp; &nbsp; &nbsp; &nbsp; &nbsp; &nbsp; &nbsp; &nbsp; &nbsp; &nbsp; &nbsp; &nbsp; &nbsp; &nbsp; &nbsp; &nbsp; &nbsp; &nbsp; &nbsp; &nbsp; Updated April 2024<\/b><\/p>\t\t\t\t\t\t\t\t<\/div>\n\t\t\t\t\t<\/div>\n\t\t\t\t<\/div>\n\t\t\t\t<\/div>","protected":false},"excerpt":{"rendered":"<p>Ch\u00e0o m\u1eebng b\u1ea1n \u0111\u1ebfn v\u1edbi Artisan Park by Gamuda Land (sau \u0111\u00e2y s\u1ebd \u0111\u01b0\u1ee3c g\u1ecdi l\u00e0 \u201cTrang Web\u201d, \u201cTrang \u0111\u00edch\u201d, \u201cTrang Landing Page d\u1ef1 \u00e1n Artisan Park\u201d, \u201cGamuda Land\u201d, \u201cCh\u00fang t\u00f4i\u201d, \u201cC\u1ee7a ch\u00fang t\u00f4i\u201d, &#8220;Nh\u00e0 ph\u00e1t tri\u1ec3n&#8221;). Nh\u00e0 ph\u00e1t tri\u1ec3n \u0111\u00e3 n\u1ed7 l\u1ef1c v\u00e0 c\u1ea9n tr\u1ecdng \u0111\u1ec3 ho\u00e0n thi\u1ec7n t\u00e0i li\u1ec7u n\u00e0y v\u00e0 s\u1ebd kh\u00f4ng [&hellip;]<\/p>","protected":false},"author":1,"featured_media":0,"parent":0,"menu_order":0,"comment_status":"closed","ping_status":"closed","template":"","meta":{"footnotes":""},"class_list":["post-553","page","type-page","status-publish","hentry"],"yoast_head":"<!-- This site is optimized with the Yoast SEO Premium plugin v26.2 (Yoast SEO v26.2) - https:\/\/yoast.com\/wordpress\/plugins\/seo\/ -->\n<title>Mi\u1ec5n tr\u1eeb Tr\u00e1ch nhi\u1ec7m - Artisan Park Landing Page<\/title>\n<meta name=\"description\" content=\"Ch\u1ee7 \u0111\u1ea7u t\u01b0 \u0111\u00e3 n\u1ed7 l\u1ef1c v\u00e0 c\u1ea9n tr\u1ecdng trong vi\u1ec7c ho\u00e0n thi\u1ec7n th\u00f4ng tin n\u00e0y v\u00e0 kh\u00f4ng \u0111\u01b0a ra b\u1ea5t k\u1ef3 b\u1ea3o \u0111\u1ea3m hay cam k\u1ebft ph\u00e1p l\u00fd n\u00e0o li\u00ean quan \u0111\u1ebfn c\u00e1c th\u00f4ng tin tham kh\u1ea3o \u0111\u01b0\u1ee3c \u0111\u1ec1 c\u1eadp trong t\u00e0i li\u1ec7u (h\u00ecnh \u1ea3nh, b\u1ea3n v\u1ebd k\u1ef9 thu\u1eadt, b\u1ed1 tr\u00ed n\u1ed9i th\u1ea5t, ngo\u1ea1i th\u1ea5t ho\u1eb7c th\u00f4ng tin m\u00f4 t\u1ea3). Nh\u1eefng th\u00f4ng tin n\u00e0y ch\u1ec9 mang t\u00ednh ch\u1ea5t minh h\u1ecda v\u00e0 tham kh\u1ea3o, kh\u00f4ng ph\u1ea3i l\u00e0 th\u00f4ng tin ch\u00ednh th\u1ee9c hay cam k\u1ebft ph\u00e1p l\u00fd. Ch\u1ee7 \u0111\u1ea7u t\u01b0 c\u00f3 quy\u1ec1n thay \u0111\u1ed5i th\u00f4ng tin ph\u00e1t tri\u1ec3n ho\u1eb7c b\u1ea5t k\u1ef3 ph\u1ea7n n\u00e0o c\u1ee7a th\u00f4ng tin \u0111\u00f3 m\u00e0 kh\u00f4ng c\u1ea7n th\u00f4ng b\u00e1o tr\u01b0\u1edbc v\u00e0 s\u1ebd kh\u00f4ng ch\u1ecbu tr\u00e1ch nhi\u1ec7m cho b\u1ea5t k\u1ef3 thay \u0111\u1ed5i n\u00e0o. Th\u00f4ng tin ch\u00ednh th\u1ee9c s\u1ebd \u0111\u01b0\u1ee3c quy \u0111\u1ecbnh r\u00f5 trong h\u1ee3p \u0111\u1ed3ng.\" \/>\n<meta name=\"robots\" content=\"index, follow, max-snippet:-1, max-image-preview:large, max-video-preview:-1\" \/>\n<link rel=\"canonical\" href=\"https:\/\/artisanpark.com.vn\/en\/mien-tru-trach-nhiem\/\" \/>\n<meta property=\"og:locale\" content=\"en_US\" \/>\n<meta property=\"og:type\" content=\"article\" \/>\n<meta property=\"og:title\" content=\"Mi\u1ec5n tr\u1eeb Tr\u00e1ch nhi\u1ec7m\" \/>\n<meta property=\"og:description\" content=\"Ch\u1ee7 \u0111\u1ea7u t\u01b0 \u0111\u00e3 n\u1ed7 l\u1ef1c v\u00e0 c\u1ea9n tr\u1ecdng trong vi\u1ec7c ho\u00e0n thi\u1ec7n th\u00f4ng tin n\u00e0y v\u00e0 kh\u00f4ng \u0111\u01b0a ra b\u1ea5t k\u1ef3 b\u1ea3o \u0111\u1ea3m hay cam k\u1ebft ph\u00e1p l\u00fd n\u00e0o li\u00ean quan \u0111\u1ebfn c\u00e1c th\u00f4ng tin tham kh\u1ea3o \u0111\u01b0\u1ee3c \u0111\u1ec1 c\u1eadp trong t\u00e0i li\u1ec7u (h\u00ecnh \u1ea3nh, b\u1ea3n v\u1ebd k\u1ef9 thu\u1eadt, b\u1ed1 tr\u00ed n\u1ed9i th\u1ea5t, ngo\u1ea1i th\u1ea5t ho\u1eb7c th\u00f4ng tin m\u00f4 t\u1ea3). Nh\u1eefng th\u00f4ng tin n\u00e0y ch\u1ec9 mang t\u00ednh ch\u1ea5t minh h\u1ecda v\u00e0 tham kh\u1ea3o, kh\u00f4ng ph\u1ea3i l\u00e0 th\u00f4ng tin ch\u00ednh th\u1ee9c hay cam k\u1ebft ph\u00e1p l\u00fd. Ch\u1ee7 \u0111\u1ea7u t\u01b0 c\u00f3 quy\u1ec1n thay \u0111\u1ed5i th\u00f4ng tin ph\u00e1t tri\u1ec3n ho\u1eb7c b\u1ea5t k\u1ef3 ph\u1ea7n n\u00e0o c\u1ee7a th\u00f4ng tin \u0111\u00f3 m\u00e0 kh\u00f4ng c\u1ea7n th\u00f4ng b\u00e1o tr\u01b0\u1edbc v\u00e0 s\u1ebd kh\u00f4ng ch\u1ecbu tr\u00e1ch nhi\u1ec7m cho b\u1ea5t k\u1ef3 thay \u0111\u1ed5i n\u00e0o. Th\u00f4ng tin ch\u00ednh th\u1ee9c s\u1ebd \u0111\u01b0\u1ee3c quy \u0111\u1ecbnh r\u00f5 trong h\u1ee3p \u0111\u1ed3ng.\" \/>\n<meta property=\"og:url\" content=\"https:\/\/artisanpark.com.vn\/en\/mien-tru-trach-nhiem\/\" \/>\n<meta property=\"og:site_name\" content=\"Artisan Park Landing Page\" \/>\n<meta property=\"article:modified_time\" content=\"2026-04-07T15:08:53+00:00\" \/>\n<meta name=\"twitter:card\" content=\"summary_large_image\" \/>\n<meta name=\"twitter:label1\" content=\"Est. reading time\" \/>\n\t<meta name=\"twitter:data1\" content=\"4 minutes\" \/>\n<script type=\"application\/ld+json\" class=\"yoast-schema-graph\">{\"@context\":\"https:\/\/schema.org\",\"@graph\":[{\"@type\":\"WebPage\",\"@id\":\"https:\/\/artisanpark.com.vn\/mien-tru-trach-nhiem\/\",\"url\":\"https:\/\/artisanpark.com.vn\/mien-tru-trach-nhiem\/\",\"name\":\"Mi\u1ec5n tr\u1eeb Tr\u00e1ch nhi\u1ec7m - Artisan Park Landing Page\",\"isPartOf\":{\"@id\":\"https:\/\/artisanpark.com.vn\/#website\"},\"datePublished\":\"2025-10-16T20:22:52+00:00\",\"dateModified\":\"2026-04-07T15:08:53+00:00\",\"description\":\"Ch\u1ee7 \u0111\u1ea7u t\u01b0 \u0111\u00e3 n\u1ed7 l\u1ef1c v\u00e0 c\u1ea9n tr\u1ecdng trong vi\u1ec7c ho\u00e0n thi\u1ec7n th\u00f4ng tin n\u00e0y v\u00e0 kh\u00f4ng \u0111\u01b0a ra b\u1ea5t k\u1ef3 b\u1ea3o \u0111\u1ea3m hay cam k\u1ebft ph\u00e1p l\u00fd n\u00e0o li\u00ean quan \u0111\u1ebfn c\u00e1c th\u00f4ng tin tham kh\u1ea3o \u0111\u01b0\u1ee3c \u0111\u1ec1 c\u1eadp trong t\u00e0i li\u1ec7u (h\u00ecnh \u1ea3nh, b\u1ea3n v\u1ebd k\u1ef9 thu\u1eadt, b\u1ed1 tr\u00ed n\u1ed9i th\u1ea5t, ngo\u1ea1i th\u1ea5t ho\u1eb7c th\u00f4ng tin m\u00f4 t\u1ea3). Nh\u1eefng th\u00f4ng tin n\u00e0y ch\u1ec9 mang t\u00ednh ch\u1ea5t minh h\u1ecda v\u00e0 tham kh\u1ea3o, kh\u00f4ng ph\u1ea3i l\u00e0 th\u00f4ng tin ch\u00ednh th\u1ee9c hay cam k\u1ebft ph\u00e1p l\u00fd. Ch\u1ee7 \u0111\u1ea7u t\u01b0 c\u00f3 quy\u1ec1n thay \u0111\u1ed5i th\u00f4ng tin ph\u00e1t tri\u1ec3n ho\u1eb7c b\u1ea5t k\u1ef3 ph\u1ea7n n\u00e0o c\u1ee7a th\u00f4ng tin \u0111\u00f3 m\u00e0 kh\u00f4ng c\u1ea7n th\u00f4ng b\u00e1o tr\u01b0\u1edbc v\u00e0 s\u1ebd kh\u00f4ng ch\u1ecbu tr\u00e1ch nhi\u1ec7m cho b\u1ea5t k\u1ef3 thay \u0111\u1ed5i n\u00e0o. Th\u00f4ng tin ch\u00ednh th\u1ee9c s\u1ebd \u0111\u01b0\u1ee3c quy \u0111\u1ecbnh r\u00f5 trong h\u1ee3p \u0111\u1ed3ng.\",\"breadcrumb\":{\"@id\":\"https:\/\/artisanpark.com.vn\/mien-tru-trach-nhiem\/#breadcrumb\"},\"inLanguage\":\"en-US\",\"potentialAction\":[{\"@type\":\"ReadAction\",\"target\":[\"https:\/\/artisanpark.com.vn\/mien-tru-trach-nhiem\/\"]}]},{\"@type\":\"BreadcrumbList\",\"@id\":\"https:\/\/artisanpark.com.vn\/mien-tru-trach-nhiem\/#breadcrumb\",\"itemListElement\":[{\"@type\":\"ListItem\",\"position\":1,\"name\":\"Home\",\"item\":\"https:\/\/artisanpark.com.vn\/\"},{\"@type\":\"ListItem\",\"position\":2,\"name\":\"Mi\u1ec5n tr\u1eeb Tr\u00e1ch nhi\u1ec7m\"}]},{\"@type\":\"WebSite\",\"@id\":\"https:\/\/artisanpark.com.vn\/#website\",\"url\":\"https:\/\/artisanpark.com.vn\/\",\"name\":\"Artisan Park Landing Page\",\"description\":\"\",\"publisher\":{\"@id\":\"https:\/\/artisanpark.com.vn\/#organization\"},\"potentialAction\":[{\"@type\":\"SearchAction\",\"target\":{\"@type\":\"EntryPoint\",\"urlTemplate\":\"https:\/\/artisanpark.com.vn\/?s={search_term_string}\"},\"query-input\":{\"@type\":\"PropertyValueSpecification\",\"valueRequired\":true,\"valueName\":\"search_term_string\"}}],\"inLanguage\":\"en-US\"},{\"@type\":\"Organization\",\"@id\":\"https:\/\/artisanpark.com.vn\/#organization\",\"name\":\"Artisan Park Landing Page\",\"url\":\"https:\/\/artisanpark.com.vn\/\",\"logo\":{\"@type\":\"ImageObject\",\"inLanguage\":\"en-US\",\"@id\":\"https:\/\/artisanpark.com.vn\/#\/schema\/logo\/image\/\",\"url\":\"https:\/\/artisanpark.com.vn\/wp-content\/uploads\/2025\/10\/GMD-Logo-e1761125542190.png\",\"contentUrl\":\"https:\/\/artisanpark.com.vn\/wp-content\/uploads\/2025\/10\/GMD-Logo-e1761125542190.png\",\"width\":2000,\"height\":593,\"caption\":\"Artisan Park Landing Page\"},\"image\":{\"@id\":\"https:\/\/artisanpark.com.vn\/#\/schema\/logo\/image\/\"}}]}<\/script>\n<!-- \/ Yoast SEO Premium plugin. -->","yoast_head_json":{"title":"Counterfeit Warning - Artisan Park Landing Page","description":"The developer has used every effort and care in completing this document and shall not give any warranty or provide any legal representation in relation to the reference(s) contained herein (images, technical plan, interior and exterior layout or descriptive information) are for illustration and reference purposes only, do not constitute actual information or legal commitments. The developer reserves the right to amend the information development information or any part thereof and shall not be responsible for any changes required. Official information is based on the contract.","robots":{"index":"index","follow":"follow","max-snippet":"max-snippet:-1","max-image-preview":"max-image-preview:large","max-video-preview":"max-video-preview:-1"},"canonical":"https:\/\/artisanpark.com.vn\/en\/mien-tru-trach-nhiem\/","og_locale":"en_US","og_type":"article","og_title":"Mi\u1ec5n tr\u1eeb Tr\u00e1ch nhi\u1ec7m","og_description":"Ch\u1ee7 \u0111\u1ea7u t\u01b0 \u0111\u00e3 n\u1ed7 l\u1ef1c v\u00e0 c\u1ea9n tr\u1ecdng trong vi\u1ec7c ho\u00e0n thi\u1ec7n th\u00f4ng tin n\u00e0y v\u00e0 kh\u00f4ng \u0111\u01b0a ra b\u1ea5t k\u1ef3 b\u1ea3o \u0111\u1ea3m hay cam k\u1ebft ph\u00e1p l\u00fd n\u00e0o li\u00ean quan \u0111\u1ebfn c\u00e1c th\u00f4ng tin tham kh\u1ea3o \u0111\u01b0\u1ee3c \u0111\u1ec1 c\u1eadp trong t\u00e0i li\u1ec7u (h\u00ecnh \u1ea3nh, b\u1ea3n v\u1ebd k\u1ef9 thu\u1eadt, b\u1ed1 tr\u00ed n\u1ed9i th\u1ea5t, ngo\u1ea1i th\u1ea5t ho\u1eb7c th\u00f4ng tin m\u00f4 t\u1ea3). Nh\u1eefng th\u00f4ng tin n\u00e0y ch\u1ec9 mang t\u00ednh ch\u1ea5t minh h\u1ecda v\u00e0 tham kh\u1ea3o, kh\u00f4ng ph\u1ea3i l\u00e0 th\u00f4ng tin ch\u00ednh th\u1ee9c hay cam k\u1ebft ph\u00e1p l\u00fd. Ch\u1ee7 \u0111\u1ea7u t\u01b0 c\u00f3 quy\u1ec1n thay \u0111\u1ed5i th\u00f4ng tin ph\u00e1t tri\u1ec3n ho\u1eb7c b\u1ea5t k\u1ef3 ph\u1ea7n n\u00e0o c\u1ee7a th\u00f4ng tin \u0111\u00f3 m\u00e0 kh\u00f4ng c\u1ea7n th\u00f4ng b\u00e1o tr\u01b0\u1edbc v\u00e0 s\u1ebd kh\u00f4ng ch\u1ecbu tr\u00e1ch nhi\u1ec7m cho b\u1ea5t k\u1ef3 thay \u0111\u1ed5i n\u00e0o. Th\u00f4ng tin ch\u00ednh th\u1ee9c s\u1ebd \u0111\u01b0\u1ee3c quy \u0111\u1ecbnh r\u00f5 trong h\u1ee3p \u0111\u1ed3ng.","og_url":"https:\/\/artisanpark.com.vn\/en\/mien-tru-trach-nhiem\/","og_site_name":"Artisan Park Landing Page","article_modified_time":"2026-04-07T15:08:53+00:00","twitter_card":"summary_large_image","twitter_misc":{"Est. reading time":"4 minutes"},"schema":{"@context":"https:\/\/schema.org","@graph":[{"@type":"WebPage","@id":"https:\/\/artisanpark.com.vn\/mien-tru-trach-nhiem\/","url":"https:\/\/artisanpark.com.vn\/mien-tru-trach-nhiem\/","name":"Counterfeit Warning - Artisan Park Landing Page","isPartOf":{"@id":"https:\/\/artisanpark.com.vn\/#website"},"datePublished":"2025-10-16T20:22:52+00:00","dateModified":"2026-04-07T15:08:53+00:00","description":"The developer has used every effort and care in completing this document and shall not give any warranty or provide any legal representation in relation to the reference(s) contained herein (images, technical plan, interior and exterior layout or descriptive information) are for illustration and reference purposes only, do not constitute actual information or legal commitments. The developer reserves the right to amend the information development information or any part thereof and shall not be responsible for any changes required. Official information is based on the contract.","breadcrumb":{"@id":"https:\/\/artisanpark.com.vn\/mien-tru-trach-nhiem\/#breadcrumb"},"inLanguage":"en-US","potentialAction":[{"@type":"ReadAction","target":["https:\/\/artisanpark.com.vn\/mien-tru-trach-nhiem\/"]}]},{"@type":"BreadcrumbList","@id":"https:\/\/artisanpark.com.vn\/mien-tru-trach-nhiem\/#breadcrumb","itemListElement":[{"@type":"ListItem","position":1,"name":"Home","item":"https:\/\/artisanpark.com.vn\/"},{"@type":"ListItem","position":2,"name":"Mi\u1ec5n tr\u1eeb Tr\u00e1ch nhi\u1ec7m"}]},{"@type":"WebSite","@id":"https:\/\/artisanpark.com.vn\/#website","url":"https:\/\/artisanpark.com.vn\/","name":"Artisan Park Landing Page","description":"","publisher":{"@id":"https:\/\/artisanpark.com.vn\/#organization"},"potentialAction":[{"@type":"SearchAction","target":{"@type":"EntryPoint","urlTemplate":"https:\/\/artisanpark.com.vn\/?s={search_term_string}"},"query-input":{"@type":"PropertyValueSpecification","valueRequired":true,"valueName":"search_term_string"}}],"inLanguage":"en-US"},{"@type":"Organization","@id":"https:\/\/artisanpark.com.vn\/#organization","name":"Artisan Park Landing Page","url":"https:\/\/artisanpark.com.vn\/","logo":{"@type":"ImageObject","inLanguage":"en-US","@id":"https:\/\/artisanpark.com.vn\/#\/schema\/logo\/image\/","url":"https:\/\/artisanpark.com.vn\/wp-content\/uploads\/2025\/10\/GMD-Logo-e1761125542190.png","contentUrl":"https:\/\/artisanpark.com.vn\/wp-content\/uploads\/2025\/10\/GMD-Logo-e1761125542190.png","width":2000,"height":593,"caption":"Artisan Park Landing Page"},"image":{"@id":"https:\/\/artisanpark.com.vn\/#\/schema\/logo\/image\/"}}]}},"_links":{"self":[{"href":"https:\/\/artisanpark.com.vn\/en\/wp-json\/wp\/v2\/pages\/553","targetHints":{"allow":["GET"]}}],"collection":[{"href":"https:\/\/artisanpark.com.vn\/en\/wp-json\/wp\/v2\/pages"}],"about":[{"href":"https:\/\/artisanpark.com.vn\/en\/wp-json\/wp\/v2\/types\/page"}],"author":[{"embeddable":true,"href":"https:\/\/artisanpark.com.vn\/en\/wp-json\/wp\/v2\/users\/1"}],"replies":[{"embeddable":true,"href":"https:\/\/artisanpark.com.vn\/en\/wp-json\/wp\/v2\/comments?post=553"}],"version-history":[{"count":59,"href":"https:\/\/artisanpark.com.vn\/en\/wp-json\/wp\/v2\/pages\/553\/revisions"}],"predecessor-version":[{"id":1395,"href":"https:\/\/artisanpark.com.vn\/en\/wp-json\/wp\/v2\/pages\/553\/revisions\/1395"}],"wp:attachment":[{"href":"https:\/\/artisanpark.com.vn\/en\/wp-json\/wp\/v2\/media?parent=553"}],"curies":[{"name":"wp","href":"https:\/\/api.w.org\/{rel}","templated":true}]}}