{"id":541,"date":"2025-10-16T20:20:39","date_gmt":"2025-10-16T20:20:39","guid":{"rendered":"https:\/\/webie.com.vn\/real-estate-2\/?page_id=541"},"modified":"2026-04-07T06:59:51","modified_gmt":"2026-04-07T06:59:51","slug":"chinh-sach-bao-mat","status":"publish","type":"page","link":"https:\/\/artisanpark.com.vn\/en\/chinh-sach-bao-mat\/","title":{"rendered":"Privacy Policy"},"content":{"rendered":"<div data-elementor-type=\"wp-page\" data-elementor-id=\"541\" class=\"elementor elementor-541\" data-elementor-post-type=\"page\">\n\t\t\t\t<div class=\"elementor-element elementor-element-0072609 e-flex e-con-boxed e-con e-parent\" data-id=\"0072609\" data-element_type=\"container\">\n\t\t\t\t\t<div class=\"e-con-inner\">\n\t\t\t\t<div class=\"elementor-element elementor-element-0d4553e elementor-widget elementor-widget-text-editor\" data-id=\"0d4553e\" data-element_type=\"widget\" data-widget_type=\"text-editor.default\">\n\t\t\t\t\t\t\t\t\t<p><b>Welcome to Artisan Park by Gamuda Land (hereinafter referred to as the \u201cWebsite,\u201d \u201cLanding Page,\u201d \u201cArtisan Park Project Landing Page,\u201d \u201cGamuda Land,\u201d \u201cWe,\u201d \u201cOur,\u201d \u201cDeveloper\u201d).<\/b><\/p>\n<p><span style=\"font-weight: 400;\">We respect and are committed to protecting your privacy. Please read the following Privacy Policy to understand the commitments we make to ensure your privacy.<\/span><\/p>\n<p><span style=\"font-weight: 400;\">This policy applies to all personal information you provide to us during your work with or while accessing this Landing Page. This policy also applies to any information about you provided to us by others, such as a partner with whom we have a cooperation agreement.<\/span><\/p>\n<p><span style=\"font-weight: 400;\">The Privacy Policy describes how we collect and process personal information when you use the services of the Landing Page. By agreeing to use our services, you fully agree to the content we specify in this Privacy Policy. We may revise the content of this policy by posting a revised version on the Website. The revised version will be effective as of the time of posting, and we are not obligated to notify you of any changes.<\/span><\/p>\n<p><b>Data Collect<\/b><\/p>\n<p><span style=\"font-weight: 400;\">We do not require you to provide or leave personal information on this Landing Page. However, in some cases, to fully use the utilities on the Landing Page, you need to register as a member and provide your personal information. We may collect the following information about you:<\/span><\/p>\n<ul>\n<li style=\"font-weight: 400;\" aria-level=\"1\"><span style=\"font-weight: 400;\">Full name, age, residence address;<\/span><\/li>\n<li style=\"font-weight: 400;\" aria-level=\"1\"><span style=\"font-weight: 400;\">Company name, store, business unit;<\/span><\/li>\n<li style=\"font-weight: 400;\" aria-level=\"1\"><span style=\"font-weight: 400;\">Email, mobile phone number, landline number;<\/span><\/li>\n<li style=\"font-weight: 400;\" aria-level=\"1\"><span style=\"font-weight: 400;\">IP address (Internet Protocol), web browser type, connection speed, pages viewed, visit time, addresses accessed by this browser.<\/span><\/li>\n<\/ul>\n<div><br><\/div>\n<p><span style=\"font-weight: 400;\">We disclaim any responsibility for data sources provided by third parties. However, we still ensure the rights and obligations when using this information for the purposes specified in the \"Scope of Information Use\" below. We reaffirm that we are not a user data trading entity.<\/span><\/p>\n<p><b>Protecting Your Personal Information<\/b><\/p>\n<p><span style=\"font-weight: 400;\">We store and process your personal information on servers designated by us within and\/or outside of Vietnam. We protect it with physical and electronic safeguards, including firewalls, data encryption, and procedures mandated by information security laws. We enforce physical access control to information and allow access to personal information only to employees who need it to fulfill their job responsibilities in operating the Landing Page.<\/span><\/p>\n<p><b>Scope of Information Use<\/b><\/p>\n<p><span style=\"font-weight: 400;\">The goal of the Landing Page is to provide general readers with a service infrastructure that offers useful information about Digital Marketing, brand promotion, and business expansion on the Internet in an effective, cost-efficient, and time-optimized manner. Therefore, we use your personal information to:<\/span><\/p>\n<ul>\n<li style=\"font-weight: 400;\" aria-level=\"1\"><span style=\"font-weight: 400;\">Provide information, services, and support as requested by you;<\/span><\/li>\n<li style=\"font-weight: 400;\" aria-level=\"1\"><span style=\"font-weight: 400;\">Send emails about our special programs and events;<\/span><\/li>\n<li style=\"font-weight: 400;\" aria-level=\"1\"><span style=\"font-weight: 400;\">Resolve disputes and issues arising from website use;<\/span><\/li>\n<li style=\"font-weight: 400;\" aria-level=\"1\"><span style=\"font-weight: 400;\">Measure and improve our services;<\/span><\/li>\n<li style=\"font-weight: 400;\" aria-level=\"1\"><span style=\"font-weight: 400;\">Compare and verify the accuracy of the information you provide with third parties;<\/span><\/li>\n<li style=\"font-weight: 400;\" aria-level=\"1\"><span style=\"font-weight: 400;\">Conduct marketing and market research activities;<\/span><\/li>\n<\/ul>\n<p><span style=\"font-weight: 400;\">Some personal information we collect is essential to accurately identify who is using the service. Other personal information helps us build user profiles and identify their needs.<\/span><\/p>\n<p><b>Data Retention Policies<\/b><\/p>\n<p><span style=\"font-weight: 400;\">Customer personal data will be stored until the customer requests its deletion.<\/span><\/p>\n<p><span style=\"font-weight: 400;\">For newsletters, you can unsubscribe at any time. There is a link at the end of each newsletter (footer) directing to our website. Users can unsubscribe from all newsletters or manage their newsletter data, such as changing email addresses or languages.<\/span><\/p>\n<p><b>Linked Websites:<\/b><span style=\"font-weight: 400;\"> We are not responsible for the content or design of any other websites linked to this site. When you access and use other websites linked to this site, you bear the risk and are subject to the terms and conditions applicable to that access\/use.<\/span><\/p>\n<p><b>Emails<\/b><span style=\"font-weight: 400;\"> We do not guarantee that emails sent to you over the Internet will be completely secure. We are not responsible for any damages that users may suffer if they send emails to us or if we send emails to users over the Internet at their request. We are not responsible in any form for any direct, indirect, special, or consequential damages arising from the use of this website.<\/span><\/p>\n<p><b>Disclosure of Your Information<\/b><\/p>\n<p><span style=\"font-weight: 400;\">We are committed not to providing your personal information to any third party. However, we may disclose your personal information in the following cases:<\/span><\/p>\n<ul>\n<li style=\"font-weight: 400;\" aria-level=\"1\"><span style=\"font-weight: 400;\">With your consent;<\/span><\/li>\n<li style=\"font-weight: 400;\" aria-level=\"1\"><span style=\"font-weight: 400;\">To third parties, you authorize or allow to request your personal information;<\/span><\/li>\n<li style=\"font-weight: 400;\" aria-level=\"1\"><span style=\"font-weight: 400;\">At the request of law enforcement or a government agency, or if we believe that such action is necessary to comply with legal requirements or the law;<\/span><\/li>\n<li style=\"font-weight: 400;\" aria-level=\"1\"><span style=\"font-weight: 400;\">To protect the rights, interests, property, and safety of others;<\/span><\/li>\n<li style=\"font-weight: 400;\" aria-level=\"1\"><span style=\"font-weight: 400;\">To other third parties with whom we have joint ventures or partnerships to provide services on the Website or new services related to the Landing Page. Our joint venture companies will also be updated by email to users.<\/span><\/li>\n<\/ul>\n<div><br><\/div>\n<p><span style=\"font-weight: 400;\">Beyond the cases listed above, we will not disclose your personal information to any other third party unless we fully believe that such disclosure is necessary to prevent physical or financial harm due to potentially illegal activities.<\/span><\/p>\n<p><b>Managing Information on the Website\/Cookies\/Feedback<\/b><\/p>\n<p><span style=\"font-weight: 400;\">Managing Information on the Website you can access, correct, and update your information on the website by logging in and using administrative features. We are not responsible for the accuracy and legality of the information you provide on the website.<\/span><\/p>\n<p><b>Use of Cookies<\/b><\/p>\n<p><span style=\"font-weight: 400;\">A cookie is a small file placed on your hard disk by the server of the website you are visiting. We use cookies to personalize and enhance your online time efficiency. Cookies help us recognize you if you visit multiple pages on our site during the same session, so we don't need to ask for your password on each page. After you log out or close your browser, these cookies expire and no longer have any effect. You can accept or decline cookies. Most browsers automatically accept cookies, but you can change the settings to decline all cookies if you prefer. However, if you choose to decline cookies, it may hinder and affect some services and features dependent on cookies on the Website.<\/span><\/p>\n<p><b>Feedback<\/b><\/p>\n<p><span style=\"font-weight: 400;\">If you want to access your personal information, have a privacy violation complaint, or have any questions about how we collect or use your personal information, please send your request, complaint, or question to the email address below. We will respond to your question or complaint as soon as possible.<\/span><\/p>\n<p><b>Changes<\/b><\/p>\n<p><span style=\"font-weight: 400;\">Our privacy policy may change from time to time. We will post any changes to the privacy policy on this page, and if the changes are significant, we will provide a more prominent notice (including, for some services, email notification of privacy policy changes). We do not keep previous versions of this Privacy Policy in our archives for your review. However, we do not exclude the possibility of internal storage and use for necessary comparison purposes.<\/span><\/p>\n<p><span style=\"font-weight: 400;\">Changes within the scope of the Privacy Policy are effective immediately on the Website.<\/span><\/p>\n<p><span style=\"font-weight: 400;\">Previous versions of the Privacy Policy for the Website, Landing Page, text documents, and social media channels under our management, collectively referred to as our satellite channels, will not be effective until updated with the latest version.<\/span><\/p>\n<p><span style=\"font-weight: 400;\">All rights are reserved and enforced based on the latest updated version on the Website and simultaneously applied to our satellite channels as stated.<\/span><\/p>\t\t\t\t\t\t\t\t<\/div>\n\t\t\t\t\t<\/div>\n\t\t\t\t<\/div>\n\t\t\t\t<\/div>","protected":false},"excerpt":{"rendered":"<p>Ch\u00e0o m\u1eebng b\u1ea1n \u0111\u1ebfn v\u1edbi Artisan Park by Gamuda Land (sau \u0111\u00e2y s\u1ebd \u0111\u01b0\u1ee3c g\u1ecdi l\u00e0 \u201cTrang Web\u201d, \u201cTrang \u0111\u00edch\u201d, \u201cTrang Landing Page d\u1ef1 \u00e1n Artisan Park\u201d, \u201cGamuda Land\u201d, \u201cCh\u00fang t\u00f4i\u201d, \u201cC\u1ee7a ch\u00fang t\u00f4i\u201d, &#8220;Nh\u00e0 ph\u00e1t tri\u1ec3n&#8221;). Ch\u00fang t\u00f4i lu\u00f4n t\u00f4n tr\u1ecdng v\u00e0 n\u1ed7 l\u1ef1c cam k\u1ebft s\u1ebd b\u1ea3o m\u1eadt nh\u1eefng th\u00f4ng tin mang t\u00ednh [&hellip;]<\/p>","protected":false},"author":1,"featured_media":0,"parent":0,"menu_order":0,"comment_status":"closed","ping_status":"closed","template":"","meta":{"footnotes":""},"class_list":["post-541","page","type-page","status-publish","hentry"],"yoast_head":"<!-- This site is optimized with the Yoast SEO Premium plugin v26.2 (Yoast SEO v26.2) - https:\/\/yoast.com\/wordpress\/plugins\/seo\/ -->\n<title>Ch\u00ednh s\u00e1ch B\u1ea3o m\u1eadt - Artisan Park Landing Page<\/title>\n<meta name=\"robots\" content=\"index, follow, max-snippet:-1, max-image-preview:large, max-video-preview:-1\" \/>\n<link rel=\"canonical\" href=\"https:\/\/artisanpark.com.vn\/en\/chinh-sach-bao-mat\/\" \/>\n<meta property=\"og:locale\" content=\"en_US\" \/>\n<meta property=\"og:type\" content=\"article\" \/>\n<meta property=\"og:title\" content=\"Ch\u00ednh s\u00e1ch B\u1ea3o m\u1eadt\" \/>\n<meta property=\"og:description\" content=\"Ch\u00e0o m\u1eebng b\u1ea1n \u0111\u1ebfn v\u1edbi Artisan Park by Gamuda Land (sau \u0111\u00e2y s\u1ebd \u0111\u01b0\u1ee3c g\u1ecdi l\u00e0 \u201cTrang Web\u201d, \u201cTrang \u0111\u00edch\u201d, \u201cTrang Landing Page d\u1ef1 \u00e1n Artisan Park\u201d, \u201cGamuda Land\u201d, \u201cCh\u00fang t\u00f4i\u201d, \u201cC\u1ee7a ch\u00fang t\u00f4i\u201d, &#8220;Nh\u00e0 ph\u00e1t tri\u1ec3n&#8221;). Ch\u00fang t\u00f4i lu\u00f4n t\u00f4n tr\u1ecdng v\u00e0 n\u1ed7 l\u1ef1c cam k\u1ebft s\u1ebd b\u1ea3o m\u1eadt nh\u1eefng th\u00f4ng tin mang t\u00ednh [&hellip;]\" \/>\n<meta property=\"og:url\" content=\"https:\/\/artisanpark.com.vn\/en\/chinh-sach-bao-mat\/\" \/>\n<meta property=\"og:site_name\" content=\"Artisan Park Landing Page\" \/>\n<meta property=\"article:modified_time\" content=\"2026-04-07T06:59:51+00:00\" \/>\n<meta name=\"twitter:card\" content=\"summary_large_image\" \/>\n<meta name=\"twitter:label1\" content=\"Est. reading time\" \/>\n\t<meta name=\"twitter:data1\" content=\"9 minutes\" \/>\n<script type=\"application\/ld+json\" class=\"yoast-schema-graph\">{\"@context\":\"https:\/\/schema.org\",\"@graph\":[{\"@type\":\"WebPage\",\"@id\":\"https:\/\/artisanpark.com.vn\/chinh-sach-bao-mat\/\",\"url\":\"https:\/\/artisanpark.com.vn\/chinh-sach-bao-mat\/\",\"name\":\"Ch\u00ednh s\u00e1ch B\u1ea3o m\u1eadt - Artisan Park Landing Page\",\"isPartOf\":{\"@id\":\"https:\/\/artisanpark.com.vn\/#website\"},\"datePublished\":\"2025-10-16T20:20:39+00:00\",\"dateModified\":\"2026-04-07T06:59:51+00:00\",\"breadcrumb\":{\"@id\":\"https:\/\/artisanpark.com.vn\/chinh-sach-bao-mat\/#breadcrumb\"},\"inLanguage\":\"en-US\",\"potentialAction\":[{\"@type\":\"ReadAction\",\"target\":[\"https:\/\/artisanpark.com.vn\/chinh-sach-bao-mat\/\"]}]},{\"@type\":\"BreadcrumbList\",\"@id\":\"https:\/\/artisanpark.com.vn\/chinh-sach-bao-mat\/#breadcrumb\",\"itemListElement\":[{\"@type\":\"ListItem\",\"position\":1,\"name\":\"Home\",\"item\":\"https:\/\/artisanpark.com.vn\/\"},{\"@type\":\"ListItem\",\"position\":2,\"name\":\"Ch\u00ednh s\u00e1ch B\u1ea3o m\u1eadt\"}]},{\"@type\":\"WebSite\",\"@id\":\"https:\/\/artisanpark.com.vn\/#website\",\"url\":\"https:\/\/artisanpark.com.vn\/\",\"name\":\"Artisan Park Landing Page\",\"description\":\"\",\"publisher\":{\"@id\":\"https:\/\/artisanpark.com.vn\/#organization\"},\"potentialAction\":[{\"@type\":\"SearchAction\",\"target\":{\"@type\":\"EntryPoint\",\"urlTemplate\":\"https:\/\/artisanpark.com.vn\/?s={search_term_string}\"},\"query-input\":{\"@type\":\"PropertyValueSpecification\",\"valueRequired\":true,\"valueName\":\"search_term_string\"}}],\"inLanguage\":\"en-US\"},{\"@type\":\"Organization\",\"@id\":\"https:\/\/artisanpark.com.vn\/#organization\",\"name\":\"Artisan Park Landing Page\",\"url\":\"https:\/\/artisanpark.com.vn\/\",\"logo\":{\"@type\":\"ImageObject\",\"inLanguage\":\"en-US\",\"@id\":\"https:\/\/artisanpark.com.vn\/#\/schema\/logo\/image\/\",\"url\":\"https:\/\/artisanpark.com.vn\/wp-content\/uploads\/2025\/10\/GMD-Logo-e1761125542190.png\",\"contentUrl\":\"https:\/\/artisanpark.com.vn\/wp-content\/uploads\/2025\/10\/GMD-Logo-e1761125542190.png\",\"width\":2000,\"height\":593,\"caption\":\"Artisan Park Landing Page\"},\"image\":{\"@id\":\"https:\/\/artisanpark.com.vn\/#\/schema\/logo\/image\/\"}}]}<\/script>\n<!-- \/ Yoast SEO Premium plugin. -->","yoast_head_json":{"title":"Privacy Policy - Artisan Park Landing Page","robots":{"index":"index","follow":"follow","max-snippet":"max-snippet:-1","max-image-preview":"max-image-preview:large","max-video-preview":"max-video-preview:-1"},"canonical":"https:\/\/artisanpark.com.vn\/en\/chinh-sach-bao-mat\/","og_locale":"en_US","og_type":"article","og_title":"Ch\u00ednh s\u00e1ch B\u1ea3o m\u1eadt","og_description":"Ch\u00e0o m\u1eebng b\u1ea1n \u0111\u1ebfn v\u1edbi Artisan Park by Gamuda Land (sau \u0111\u00e2y s\u1ebd \u0111\u01b0\u1ee3c g\u1ecdi l\u00e0 \u201cTrang Web\u201d, \u201cTrang \u0111\u00edch\u201d, \u201cTrang Landing Page d\u1ef1 \u00e1n Artisan Park\u201d, \u201cGamuda Land\u201d, \u201cCh\u00fang t\u00f4i\u201d, \u201cC\u1ee7a ch\u00fang t\u00f4i\u201d, &#8220;Nh\u00e0 ph\u00e1t tri\u1ec3n&#8221;). Ch\u00fang t\u00f4i lu\u00f4n t\u00f4n tr\u1ecdng v\u00e0 n\u1ed7 l\u1ef1c cam k\u1ebft s\u1ebd b\u1ea3o m\u1eadt nh\u1eefng th\u00f4ng tin mang t\u00ednh [&hellip;]","og_url":"https:\/\/artisanpark.com.vn\/en\/chinh-sach-bao-mat\/","og_site_name":"Artisan Park Landing Page","article_modified_time":"2026-04-07T06:59:51+00:00","twitter_card":"summary_large_image","twitter_misc":{"Est. reading time":"9 minutes"},"schema":{"@context":"https:\/\/schema.org","@graph":[{"@type":"WebPage","@id":"https:\/\/artisanpark.com.vn\/chinh-sach-bao-mat\/","url":"https:\/\/artisanpark.com.vn\/chinh-sach-bao-mat\/","name":"Privacy Policy - Artisan Park Landing Page","isPartOf":{"@id":"https:\/\/artisanpark.com.vn\/#website"},"datePublished":"2025-10-16T20:20:39+00:00","dateModified":"2026-04-07T06:59:51+00:00","breadcrumb":{"@id":"https:\/\/artisanpark.com.vn\/chinh-sach-bao-mat\/#breadcrumb"},"inLanguage":"en-US","potentialAction":[{"@type":"ReadAction","target":["https:\/\/artisanpark.com.vn\/chinh-sach-bao-mat\/"]}]},{"@type":"BreadcrumbList","@id":"https:\/\/artisanpark.com.vn\/chinh-sach-bao-mat\/#breadcrumb","itemListElement":[{"@type":"ListItem","position":1,"name":"Home","item":"https:\/\/artisanpark.com.vn\/"},{"@type":"ListItem","position":2,"name":"Ch\u00ednh s\u00e1ch B\u1ea3o m\u1eadt"}]},{"@type":"WebSite","@id":"https:\/\/artisanpark.com.vn\/#website","url":"https:\/\/artisanpark.com.vn\/","name":"Artisan Park Landing Page","description":"","publisher":{"@id":"https:\/\/artisanpark.com.vn\/#organization"},"potentialAction":[{"@type":"SearchAction","target":{"@type":"EntryPoint","urlTemplate":"https:\/\/artisanpark.com.vn\/?s={search_term_string}"},"query-input":{"@type":"PropertyValueSpecification","valueRequired":true,"valueName":"search_term_string"}}],"inLanguage":"en-US"},{"@type":"Organization","@id":"https:\/\/artisanpark.com.vn\/#organization","name":"Artisan Park Landing Page","url":"https:\/\/artisanpark.com.vn\/","logo":{"@type":"ImageObject","inLanguage":"en-US","@id":"https:\/\/artisanpark.com.vn\/#\/schema\/logo\/image\/","url":"https:\/\/artisanpark.com.vn\/wp-content\/uploads\/2025\/10\/GMD-Logo-e1761125542190.png","contentUrl":"https:\/\/artisanpark.com.vn\/wp-content\/uploads\/2025\/10\/GMD-Logo-e1761125542190.png","width":2000,"height":593,"caption":"Artisan Park Landing Page"},"image":{"@id":"https:\/\/artisanpark.com.vn\/#\/schema\/logo\/image\/"}}]}},"_links":{"self":[{"href":"https:\/\/artisanpark.com.vn\/en\/wp-json\/wp\/v2\/pages\/541","targetHints":{"allow":["GET"]}}],"collection":[{"href":"https:\/\/artisanpark.com.vn\/en\/wp-json\/wp\/v2\/pages"}],"about":[{"href":"https:\/\/artisanpark.com.vn\/en\/wp-json\/wp\/v2\/types\/page"}],"author":[{"embeddable":true,"href":"https:\/\/artisanpark.com.vn\/en\/wp-json\/wp\/v2\/users\/1"}],"replies":[{"embeddable":true,"href":"https:\/\/artisanpark.com.vn\/en\/wp-json\/wp\/v2\/comments?post=541"}],"version-history":[{"count":25,"href":"https:\/\/artisanpark.com.vn\/en\/wp-json\/wp\/v2\/pages\/541\/revisions"}],"predecessor-version":[{"id":1290,"href":"https:\/\/artisanpark.com.vn\/en\/wp-json\/wp\/v2\/pages\/541\/revisions\/1290"}],"wp:attachment":[{"href":"https:\/\/artisanpark.com.vn\/en\/wp-json\/wp\/v2\/media?parent=541"}],"curies":[{"name":"wp","href":"https:\/\/api.w.org\/{rel}","templated":true}]}}