{"id":355,"date":"2025-10-16T06:35:42","date_gmt":"2025-10-16T06:35:42","guid":{"rendered":"https:\/\/webie.com.vn\/real-estate-2\/?page_id=355"},"modified":"2026-04-24T02:57:06","modified_gmt":"2026-04-24T02:57:06","slug":"sample","status":"publish","type":"page","link":"https:\/\/artisanpark.com.vn\/en\/sample\/","title":{"rendered":"Sample"},"content":{"rendered":"<div data-elementor-type=\"wp-page\" data-elementor-id=\"355\" class=\"elementor elementor-355\" data-elementor-post-type=\"page\">\n\t\t\t\t<div class=\"elementor-element elementor-element-3b1d4fc e-flex e-con-boxed e-con e-parent\" data-id=\"3b1d4fc\" data-element_type=\"container\" data-e-type=\"container\">\n\t\t\t\t\t<div class=\"e-con-inner\">\n\t\t\t\t<div class=\"elementor-element elementor-element-fe93f4b elementor-widget elementor-widget-shortcode\" data-id=\"fe93f4b\" data-element_type=\"widget\" data-e-type=\"widget\" data-widget_type=\"shortcode.default\">\n\t\t\t\t\t\t\t<div class=\"elementor-shortcode\"><\/div>\n\t\t\t\t\t\t<\/div>\n\t\t\t\t\t<\/div>\n\t\t\t\t<\/div>\n\t\t<div class=\"elementor-element elementor-element-7d76fe3 e-flex e-con-boxed e-con e-parent\" data-id=\"7d76fe3\" data-element_type=\"container\" data-e-type=\"container\">\n\t\t\t\t\t<div class=\"e-con-inner\">\n\t\t\t\t<div class=\"elementor-element elementor-element-474a814 elementor-widget elementor-widget-wpforms\" data-id=\"474a814\" data-element_type=\"widget\" data-e-type=\"widget\" data-widget_type=\"wpforms.default\">\n\t\t\t\t<div class=\"elementor-widget-container\">\n\t\t\t\t\t<div class=\"wpforms-container wpforms-container-full wpforms-render-modern\" id=\"wpforms-1419\"><form id=\"wpforms-form-1419\" class=\"wpforms-validate wpforms-form wpforms-ajax-form\" data-formid=\"1419\" method=\"post\" enctype=\"multipart\/form-data\" action=\"\/en\/wp-json\/wp\/v2\/pages\/355\" data-token=\"6adcfc7e5f0254078ac0a306d19dc726\" data-token-time=\"1777634928\" data-trp-original-action=\"\/en\/wp-json\/wp\/v2\/pages\/355\"><noscript class=\"wpforms-error-noscript\">Please enable JavaScript in your browser to complete this form.<\/noscript><div id=\"wpforms-error-noscript\" style=\"display: none;\">Please enable JavaScript in your browser to complete this form.<\/div><div class=\"wpforms-field-container\"><div id=\"wpforms-1419-field_3-container\" class=\"wpforms-field wpforms-field-text\" data-field-id=\"3\"><label class=\"wpforms-field-label\" for=\"wpforms-1419-field_3\">Full name: <span class=\"wpforms-required-label\" aria-hidden=\"true\">*<\/span><\/label><input type=\"text\" id=\"wpforms-1419-field_3\" class=\"wpforms-field-large wpforms-field-required\" name=\"wpforms[fields][3]\" aria-errormessage=\"wpforms-1419-field_3-error\" required><\/div>\t\t<div id=\"wpforms-1419-field_4-container\"\n\t\t\tclass=\"wpforms-field wpforms-field-text\"\n\t\t\tdata-field-type=\"text\"\n\t\t\tdata-field-id=\"4\"\n\t\t\t>\n\t\t\t<label class=\"wpforms-field-label\" for=\"wpforms-1419-field_4\" >Th\u00f4ng H\u1ecd c\u1ea7n<\/label>\n\t\t\t<input type=\"text\" id=\"wpforms-1419-field_4\" class=\"wpforms-field-medium\" name=\"wpforms[fields][4]\" >\n\t\t<\/div>\n\t\t<div id=\"wpforms-1419-field_1-container\" class=\"wpforms-field wpforms-field-email\" data-field-id=\"1\"><label class=\"wpforms-field-label\" for=\"wpforms-1419-field_1\">Email: <span class=\"wpforms-required-label\" aria-hidden=\"true\">*<\/span><\/label><input type=\"email\" id=\"wpforms-1419-field_1\" class=\"wpforms-field-large wpforms-field-required\" data-disable-suggestions=\"1\" name=\"wpforms[fields][1]\" spellcheck=\"false\" aria-errormessage=\"wpforms-1419-field_1-error\" required><\/div><div id=\"wpforms-1419-field_2-container\" class=\"wpforms-field wpforms-field-phone\" data-field-id=\"2\"><label class=\"wpforms-field-label\" for=\"wpforms-1419-field_2\">Phone number: <span class=\"wpforms-required-label\" aria-hidden=\"true\">*<\/span><\/label><input type=\"tel\" id=\"wpforms-1419-field_2\" class=\"wpforms-field-large wpforms-field-required wpforms-smart-phone-field\" data-rule-smart-phone-field=\"true\" name=\"wpforms[fields][2]\" aria-label=\"Phone number:\" aria-errormessage=\"wpforms-1419-field_2-error\" required><\/div><div id=\"wpforms-1419-field_5-container\" class=\"wpforms-field wpforms-field-text\" data-field-id=\"5\"><label class=\"wpforms-field-label\" for=\"wpforms-1419-field_5\">Enquiry:<\/label><input type=\"text\" id=\"wpforms-1419-field_5\" class=\"wpforms-field-large\" name=\"wpforms[fields][5]\" aria-errormessage=\"wpforms-1419-field_5-error\" ><\/div><script>\n\t\t\t\t( function() {\n\t\t\t\t\tconst style = document.createElement( 'style' );\n\t\t\t\t\tstyle.appendChild( document.createTextNode( '#wpforms-1419-field_4-container { position: absolute !important; overflow: hidden !important; display: inline !important; height: 1px !important; width: 1px !important; z-index: -1000 !important; padding: 0 !important; } #wpforms-1419-field_4-container input { visibility: hidden; } #wpforms-conversational-form-page #wpforms-1419-field_4-container label { counter-increment: none; }' ) );\n\t\t\t\t\tdocument.head.appendChild( style );\n\t\t\t\t\tdocument.currentScript?.remove();\n\t\t\t\t} )();\n\t\t\t<\/script><\/div><!-- .wpforms-field-container --><div class=\"wpforms-submit-container\" ><input type=\"hidden\" name=\"wpforms[id]\" value=\"1419\"><input type=\"hidden\" name=\"page_title\" value=\"\"><input type=\"hidden\" name=\"page_url\" value=\"https:\/\/artisanpark.com.vn\/en\/wp-json\/wp\/v2\/pages\/355\"><input type=\"hidden\" name=\"url_referer\" value=\"\"><button type=\"submit\" name=\"wpforms[submit]\" id=\"wpforms-submit-1419\" class=\"wpforms-submit\" data-alt-text=\"\u0110ang g\u1eedi...\" data-submit-text=\"G\u1eedi\" aria-live=\"assertive\" value=\"wpforms-submit\">Send<\/button><img decoding=\"async\" src=\"https:\/\/artisanpark.com.vn\/wp-content\/plugins\/wpforms\/assets\/images\/submit-spin.svg\" class=\"wpforms-submit-spinner\" style=\"display: none;\" width=\"26\" height=\"26\" alt=\"Loading\"><\/div><input type=\"hidden\" name=\"trp-form-language\" value=\"en\"\/><\/form><\/div>  <!-- .wpforms-container -->\t\t\t\t<\/div>\n\t\t\t\t<\/div>\n\t\t\t\t\t<\/div>\n\t\t\t\t<\/div>\n\t\t\t\t<\/div>","protected":false},"excerpt":{"rendered":"<p>Please enable JavaScript in your browser to complete this form.Please enable JavaScript in your browser to complete this form.H\u1ecd v\u00e0 t\u00ean: *\u0110\u1ecba ch\u1ec9 email: *S\u1ed1 \u0111i\u1ec7n tho\u1ea1i: * Th\u00f4ng tin c\u1ea7n t\u01b0 v\u1ea5n: G\u1eedi<\/p>","protected":false},"author":1,"featured_media":0,"parent":0,"menu_order":0,"comment_status":"closed","ping_status":"closed","template":"","meta":{"footnotes":""},"class_list":["post-355","page","type-page","status-publish","hentry"],"yoast_head":"<!-- This site is optimized with the Yoast SEO Premium plugin v26.2 (Yoast SEO v26.2) - https:\/\/yoast.com\/wordpress\/plugins\/seo\/ -->\n<title>Sample - Artisan Park Landing Page<\/title>\n<meta name=\"robots\" content=\"index, follow, max-snippet:-1, max-image-preview:large, max-video-preview:-1\" \/>\n<link rel=\"canonical\" href=\"https:\/\/artisanpark.com.vn\/en\/sample\/\" \/>\n<meta property=\"og:locale\" content=\"en_US\" \/>\n<meta property=\"og:type\" content=\"article\" \/>\n<meta property=\"og:title\" content=\"Sample\" \/>\n<meta property=\"og:description\" content=\"Please enable JavaScript in your browser to complete this form.Please enable JavaScript in your browser to complete this form.H\u1ecd v\u00e0 t\u00ean: *\u0110\u1ecba ch\u1ec9 email: *S\u1ed1 \u0111i\u1ec7n tho\u1ea1i: * Th\u00f4ng tin c\u1ea7n t\u01b0 v\u1ea5n: G\u1eedi\" \/>\n<meta property=\"og:url\" content=\"https:\/\/artisanpark.com.vn\/en\/sample\/\" \/>\n<meta property=\"og:site_name\" content=\"Artisan Park Landing Page\" \/>\n<meta property=\"article:modified_time\" content=\"2026-04-24T02:57:06+00:00\" \/>\n<meta property=\"og:image\" content=\"https:\/\/artisanpark.com.vn\/wp-content\/plugins\/wpforms\/assets\/images\/submit-spin.svg\" \/>\n<meta name=\"twitter:card\" content=\"summary_large_image\" \/>\n<meta name=\"twitter:label1\" content=\"Est. reading time\" \/>\n\t<meta name=\"twitter:data1\" content=\"1 minute\" \/>\n<script type=\"application\/ld+json\" class=\"yoast-schema-graph\">{\"@context\":\"https:\/\/schema.org\",\"@graph\":[{\"@type\":\"WebPage\",\"@id\":\"https:\/\/artisanpark.com.vn\/sample\/\",\"url\":\"https:\/\/artisanpark.com.vn\/sample\/\",\"name\":\"Sample - Artisan Park Landing Page\",\"isPartOf\":{\"@id\":\"https:\/\/artisanpark.com.vn\/#website\"},\"primaryImageOfPage\":{\"@id\":\"https:\/\/artisanpark.com.vn\/sample\/#primaryimage\"},\"image\":{\"@id\":\"https:\/\/artisanpark.com.vn\/sample\/#primaryimage\"},\"thumbnailUrl\":\"https:\/\/artisanpark.com.vn\/wp-content\/plugins\/wpforms\/assets\/images\/submit-spin.svg\",\"datePublished\":\"2025-10-16T06:35:42+00:00\",\"dateModified\":\"2026-04-24T02:57:06+00:00\",\"breadcrumb\":{\"@id\":\"https:\/\/artisanpark.com.vn\/sample\/#breadcrumb\"},\"inLanguage\":\"en-US\",\"potentialAction\":[{\"@type\":\"ReadAction\",\"target\":[\"https:\/\/artisanpark.com.vn\/sample\/\"]}]},{\"@type\":\"ImageObject\",\"inLanguage\":\"en-US\",\"@id\":\"https:\/\/artisanpark.com.vn\/sample\/#primaryimage\",\"url\":\"https:\/\/artisanpark.com.vn\/wp-content\/plugins\/wpforms\/assets\/images\/submit-spin.svg\",\"contentUrl\":\"https:\/\/artisanpark.com.vn\/wp-content\/plugins\/wpforms\/assets\/images\/submit-spin.svg\"},{\"@type\":\"BreadcrumbList\",\"@id\":\"https:\/\/artisanpark.com.vn\/sample\/#breadcrumb\",\"itemListElement\":[{\"@type\":\"ListItem\",\"position\":1,\"name\":\"Home\",\"item\":\"https:\/\/artisanpark.com.vn\/\"},{\"@type\":\"ListItem\",\"position\":2,\"name\":\"Sample\"}]},{\"@type\":\"WebSite\",\"@id\":\"https:\/\/artisanpark.com.vn\/#website\",\"url\":\"https:\/\/artisanpark.com.vn\/\",\"name\":\"Artisan Park Landing Page\",\"description\":\"\",\"publisher\":{\"@id\":\"https:\/\/artisanpark.com.vn\/#organization\"},\"potentialAction\":[{\"@type\":\"SearchAction\",\"target\":{\"@type\":\"EntryPoint\",\"urlTemplate\":\"https:\/\/artisanpark.com.vn\/?s={search_term_string}\"},\"query-input\":{\"@type\":\"PropertyValueSpecification\",\"valueRequired\":true,\"valueName\":\"search_term_string\"}}],\"inLanguage\":\"en-US\"},{\"@type\":\"Organization\",\"@id\":\"https:\/\/artisanpark.com.vn\/#organization\",\"name\":\"Artisan Park Landing Page\",\"url\":\"https:\/\/artisanpark.com.vn\/\",\"logo\":{\"@type\":\"ImageObject\",\"inLanguage\":\"en-US\",\"@id\":\"https:\/\/artisanpark.com.vn\/#\/schema\/logo\/image\/\",\"url\":\"https:\/\/artisanpark.com.vn\/wp-content\/uploads\/2025\/10\/GMD-Logo-e1761125542190.png\",\"contentUrl\":\"https:\/\/artisanpark.com.vn\/wp-content\/uploads\/2025\/10\/GMD-Logo-e1761125542190.png\",\"width\":2000,\"height\":593,\"caption\":\"Artisan Park Landing Page\"},\"image\":{\"@id\":\"https:\/\/artisanpark.com.vn\/#\/schema\/logo\/image\/\"}}]}<\/script>\n<!-- \/ Yoast SEO Premium plugin. -->","yoast_head_json":{"title":"Sample - Artisan Park Landing Page","robots":{"index":"index","follow":"follow","max-snippet":"max-snippet:-1","max-image-preview":"max-image-preview:large","max-video-preview":"max-video-preview:-1"},"canonical":"https:\/\/artisanpark.com.vn\/en\/sample\/","og_locale":"en_US","og_type":"article","og_title":"Sample","og_description":"Please enable JavaScript in your browser to complete this form.Please enable JavaScript in your browser to complete this form.H\u1ecd v\u00e0 t\u00ean: *\u0110\u1ecba ch\u1ec9 email: *S\u1ed1 \u0111i\u1ec7n tho\u1ea1i: * Th\u00f4ng tin c\u1ea7n t\u01b0 v\u1ea5n: G\u1eedi","og_url":"https:\/\/artisanpark.com.vn\/en\/sample\/","og_site_name":"Artisan Park Landing Page","article_modified_time":"2026-04-24T02:57:06+00:00","og_image":[{"url":"https:\/\/artisanpark.com.vn\/wp-content\/plugins\/wpforms\/assets\/images\/submit-spin.svg","type":"","width":"","height":""}],"twitter_card":"summary_large_image","twitter_misc":{"Est. reading time":"1 minute"},"schema":{"@context":"https:\/\/schema.org","@graph":[{"@type":"WebPage","@id":"https:\/\/artisanpark.com.vn\/sample\/","url":"https:\/\/artisanpark.com.vn\/sample\/","name":"Sample - Artisan Park Landing Page","isPartOf":{"@id":"https:\/\/artisanpark.com.vn\/#website"},"primaryImageOfPage":{"@id":"https:\/\/artisanpark.com.vn\/sample\/#primaryimage"},"image":{"@id":"https:\/\/artisanpark.com.vn\/sample\/#primaryimage"},"thumbnailUrl":"https:\/\/artisanpark.com.vn\/wp-content\/plugins\/wpforms\/assets\/images\/submit-spin.svg","datePublished":"2025-10-16T06:35:42+00:00","dateModified":"2026-04-24T02:57:06+00:00","breadcrumb":{"@id":"https:\/\/artisanpark.com.vn\/sample\/#breadcrumb"},"inLanguage":"en-US","potentialAction":[{"@type":"ReadAction","target":["https:\/\/artisanpark.com.vn\/sample\/"]}]},{"@type":"ImageObject","inLanguage":"en-US","@id":"https:\/\/artisanpark.com.vn\/sample\/#primaryimage","url":"https:\/\/artisanpark.com.vn\/wp-content\/plugins\/wpforms\/assets\/images\/submit-spin.svg","contentUrl":"https:\/\/artisanpark.com.vn\/wp-content\/plugins\/wpforms\/assets\/images\/submit-spin.svg"},{"@type":"BreadcrumbList","@id":"https:\/\/artisanpark.com.vn\/sample\/#breadcrumb","itemListElement":[{"@type":"ListItem","position":1,"name":"Home","item":"https:\/\/artisanpark.com.vn\/"},{"@type":"ListItem","position":2,"name":"Sample"}]},{"@type":"WebSite","@id":"https:\/\/artisanpark.com.vn\/#website","url":"https:\/\/artisanpark.com.vn\/","name":"Artisan Park Landing Page","description":"","publisher":{"@id":"https:\/\/artisanpark.com.vn\/#organization"},"potentialAction":[{"@type":"SearchAction","target":{"@type":"EntryPoint","urlTemplate":"https:\/\/artisanpark.com.vn\/?s={search_term_string}"},"query-input":{"@type":"PropertyValueSpecification","valueRequired":true,"valueName":"search_term_string"}}],"inLanguage":"en-US"},{"@type":"Organization","@id":"https:\/\/artisanpark.com.vn\/#organization","name":"Artisan Park Landing Page","url":"https:\/\/artisanpark.com.vn\/","logo":{"@type":"ImageObject","inLanguage":"en-US","@id":"https:\/\/artisanpark.com.vn\/#\/schema\/logo\/image\/","url":"https:\/\/artisanpark.com.vn\/wp-content\/uploads\/2025\/10\/GMD-Logo-e1761125542190.png","contentUrl":"https:\/\/artisanpark.com.vn\/wp-content\/uploads\/2025\/10\/GMD-Logo-e1761125542190.png","width":2000,"height":593,"caption":"Artisan Park Landing Page"},"image":{"@id":"https:\/\/artisanpark.com.vn\/#\/schema\/logo\/image\/"}}]}},"_links":{"self":[{"href":"https:\/\/artisanpark.com.vn\/en\/wp-json\/wp\/v2\/pages\/355","targetHints":{"allow":["GET"]}}],"collection":[{"href":"https:\/\/artisanpark.com.vn\/en\/wp-json\/wp\/v2\/pages"}],"about":[{"href":"https:\/\/artisanpark.com.vn\/en\/wp-json\/wp\/v2\/types\/page"}],"author":[{"embeddable":true,"href":"https:\/\/artisanpark.com.vn\/en\/wp-json\/wp\/v2\/users\/1"}],"replies":[{"embeddable":true,"href":"https:\/\/artisanpark.com.vn\/en\/wp-json\/wp\/v2\/comments?post=355"}],"version-history":[{"count":10,"href":"https:\/\/artisanpark.com.vn\/en\/wp-json\/wp\/v2\/pages\/355\/revisions"}],"predecessor-version":[{"id":1424,"href":"https:\/\/artisanpark.com.vn\/en\/wp-json\/wp\/v2\/pages\/355\/revisions\/1424"}],"wp:attachment":[{"href":"https:\/\/artisanpark.com.vn\/en\/wp-json\/wp\/v2\/media?parent=355"}],"curies":[{"name":"wp","href":"https:\/\/api.w.org\/{rel}","templated":true}]}}